{"id":490,"date":"2021-09-05T21:49:06","date_gmt":"2021-09-05T19:49:06","guid":{"rendered":"http:\/\/zugarolab.net:8080\/?page_id=490"},"modified":"2021-09-06T13:22:57","modified_gmt":"2021-09-06T11:22:57","slug":"marco-pompili","status":"publish","type":"page","link":"http:\/\/zugarolab.net:8080\/?page_id=490","title":{"rendered":"Marco Pompili"},"content":{"rendered":"\t\t<div data-elementor-type=\"wp-page\" data-elementor-id=\"490\" class=\"elementor elementor-490\">\n\t\t\t\t\t\t<section class=\"elementor-section elementor-top-section elementor-element elementor-element-c0383f2 elementor-section-boxed elementor-section-height-default elementor-section-height-default\" data-id=\"c0383f2\" data-element_type=\"section\" data-e-type=\"section\">\n\t\t\t\t\t\t<div class=\"elementor-container elementor-column-gap-default\">\n\t\t\t\t\t<div class=\"elementor-column elementor-col-50 elementor-top-column elementor-element elementor-element-029f964\" data-id=\"029f964\" data-element_type=\"column\" data-e-type=\"column\" data-settings=\"{&quot;background_background&quot;:&quot;classic&quot;}\">\n\t\t\t<div class=\"elementor-widget-wrap elementor-element-populated\">\n\t\t\t\t\t\t<div class=\"elementor-element elementor-element-ab077fa elementor-widget elementor-widget-image\" data-id=\"ab077fa\" data-element_type=\"widget\" data-e-type=\"widget\" data-widget_type=\"image.default\">\n\t\t\t\t<div class=\"elementor-widget-container\">\n\t\t\t\t\t\t\t\t\t\t\t\t\t\t\t<img decoding=\"async\" src=\"http:\/\/zugarolab.net:8080\/wp-content\/uploads\/Marco-150x150-1.jpg\" title=\"\" alt=\"\" loading=\"lazy\" \/>\t\t\t\t\t\t\t\t\t\t\t\t\t\t\t<\/div>\n\t\t\t\t<\/div>\n\t\t\t\t\t<\/div>\n\t\t<\/div>\n\t\t\t\t<div class=\"elementor-column elementor-col-50 elementor-top-column elementor-element elementor-element-6bbb2fe\" data-id=\"6bbb2fe\" data-element_type=\"column\" data-e-type=\"column\" data-settings=\"{&quot;background_background&quot;:&quot;classic&quot;}\">\n\t\t\t<div class=\"elementor-widget-wrap elementor-element-populated\">\n\t\t\t\t\t\t<div class=\"elementor-element elementor-element-85ccb77 elementor-widget elementor-widget-text-editor\" data-id=\"85ccb77\" data-element_type=\"widget\" data-e-type=\"widget\" data-widget_type=\"text-editor.default\">\n\t\t\t\t<div class=\"elementor-widget-container\">\n\t\t\t\t\t\t\t\t\t<h1>Marco Pompili<\/h1><p>I\u00a0recently finished my PhD\u00a0with\u00a0<a href=\"http:\/\/zugarolab.net\/#sidneywiener\" target=\"_blank\" rel=\"noopener\">Sidney Wiener<\/a>\u00a0as advisor, within a collaboration with\u00a0<a href=\"https:\/\/cpn.paris5.inserm.fr\/recherche\/equipes-et-projets\/7-equipe-krebs\" target=\"_blank\" rel=\"noopener\">Th\u00e9r\u00e8se Jay&#8217;s lab<\/a>\u00a0at Sainte-Anne hospital. I am currently wrapping up my PhD work before leaving for postdoc research.<\/p><p>I am ultimately interested in the dynamics allowing the exchange of information between brain areas, namely how the information encoded in\u00a0one neural\u00a0structure is able to modulate the encoding in another area (and the other way around), and how these interactions orchestrate perception, learning, and behavior. To do so, my primary experimental approach is\u00a0 to perform high-density recordings simultaneously in multiple brain sites of freely behaving rats and then use data mining and analysis to study neural populations activity.<\/p><h2>Brief bio<\/h2><p>Born and bred in Rome, I studied undergraduate biology at Universit\u00e0 di Pisa and Universit\u00e9 Paris-Saclay. I then pursued with master studies in neuroscience\u00a0at \u00c9cole Normale Sup\u00e9rieure, Sorbonne Universit\u00e9, and University College London.<\/p><p>During my undergraduate I received extremely valuable training in Kate Jeffery lab at UCL. After a tour of different neuroscience research fields,\u00a0 I finally decided to come back to study systems\/behavioral neuroscience in rodents, and joined for my PhD the labs of Sidney Wiener and Micha\u00ebl Zugaro at the Coll\u00e8ge de France, and of Th\u00e9r\u00e8se Jay and Marie-Odile Krebs at the H\u00f4pital Sainte-Anne.<\/p><p>You can download my full <strong>CV<\/strong> <a href=\"http:\/\/zugarolab.net\/wp-content\/uploads\/2021\/02\/MarcoPompiliCV_Jan2021.pdf\" target=\"_blank\" rel=\"noopener\">here<\/a>.<\/p><p><a href=\"https:\/\/neurotree.org\/beta\/tree.php?pid=91871\" target=\"_blank\" rel=\"noopener\">Neurotree<\/a><\/p><h2><span style=\"font-weight: normal;\">Current projects include:<\/span><\/h2><ul><li>Looking at the sleep reactivation of fear extinction learning cell assemblies in the medial PFC, we&#8217;re pinpointing at a potential mechanism of differential consolidation of memory traces in the dorsal vs. ventral mPFC that may support successful conditioned fear extinction [with\u00a0<a href=\"http:\/\/zugarolab.net:8080\/?page_id=473\" target=\"_blank\" rel=\"noopener\">Ralitsa Todorova<\/a> <em>et al.<\/em>; see <a href=\"https:\/\/forum2020.fens.org\/programme-at-a-glance\/\" target=\"_blank\" rel=\"noopener\">FENS 2020<\/a>].<\/li><li style=\"list-style-type: none;\">\u00a0<\/li><li>We aim at studying the functional relevance of cell assemblies in cross-structural communication and\u00a0at\u00a0showing evidence for \u2018reader\u2019 neurons responding to cell assembly activations in the cortico-amygdalar circuit [with <a href=\"http:\/\/zugarolab.net\/celine-boucly\" target=\"_blank\" rel=\"noopener\">C\u00e9line Boucly<\/a>, Ralitsa Todorova, <em>et al.<\/em>;<em><em>\u00a0<\/em><\/em>see <a href=\"https:\/\/forum2020.fens.org\/programme-at-a-glance\/\" target=\"_blank\" rel=\"noopener\">FENS 2020<\/a>].<\/li><li style=\"list-style-type: none;\">\u00a0<\/li><li>We are developing a novel algorithm to accurately and precisely detect cell assemblies, which allows us to detect virtually all cell assemblies in a given recording [with <a href=\"https:\/\/twitter.com\/gabmakdah\" target=\"_blank\" rel=\"noopener\">Gabriel Makdah<\/a>, Ralitsa Todorova, <em>et al.<\/em>;<em>\u00a0<\/em>see <a href=\"https:\/\/nccd2019.sciencesconf.org\/\" target=\"_blank\" rel=\"noopener\">NCCD 2019<\/a>].<\/li><li style=\"list-style-type: none;\">\u00a0<\/li><li>We developed a new ecologically relevant extinction training protocol for rats in a large open field arena and we are showing that it allows to reveal inter-individual differences in conditioned fear recovery and relapse [with <a href=\"https:\/\/ipnp.paris5.inserm.fr\/recherche\/equipes-et-projets\/7-equipe-krebs\" target=\"_blank\" rel=\"noopener\">Fanny Demars<\/a> <em>et al.<\/em>;<em><em><em>\u00a0<\/em><\/em><\/em>see <a href=\"http:\/\/institutdepsychiatrie.org\/newscontent\/6eme%20forum%20de%20l%27IdPsy%20%C3%A0%20Caen\" target=\"_blank\" rel=\"noopener\">GDR Psychiatrie 2017<\/a>].<\/li><\/ul><ul><li style=\"list-style-type: none;\">\u00a0<\/li><\/ul><div><h2>\u00a0<\/h2><h2>Published work<\/h2><\/div><p>S Trouche, MN\u00a0<strong>Pompili<\/strong> &amp; G Girardeau (2020) The role of sleep in emotional processing: insights and unknowns from rodent research. <em>Current Opinion in Physiology <\/em>15: 230-237.<\/p><p>MT Pasquet, M Tihy, A Gourgeon, MN <strong>Pompili<\/strong>, BP Godsil, C L\u00e9na &amp; GP Dugu\u00e9 (2016) Wireless inertial measurement of head kinematics in freely-moving rats. <em>Scientific Reports,<\/em> 6: 35689.<\/p><p><a href=\"https:\/\/scholar.google.com\/citations?user=fQR_hLgAAAAJ&amp;hl=en\" target=\"_blank\" rel=\"noopener\">Google scholar<\/a><\/p><h2><span style=\"font-weight: normal;\">Contacts<\/span><\/h2><table width=\"981\"><tbody><tr><td width=\"150\"><a href=\"mailto:marco.pompili@normalesup.org\" target=\"_blank\" rel=\"noopener\">marco.pompili@normalesup.org<\/a><br \/><a href=\"https:\/\/twitter.com\/MNPompili\" target=\"_blank\" rel=\"noopener\">Twitter<\/a><\/td><td width=\"222\">Centre Interdisciplinaire de Recherche en Biologie (CIRB), CNRS UMR 7241 &#8211; INSERM U1050<br \/>Coll\u00e8ge de France<br \/>11, place Marcelin Berthelot<br \/>75005 Paris<br \/>office\u00a0117 (floor B 1)\u00a0+33144271714<br \/>lab 0027 (floor B -2) +33144271424<\/td><td width=\"222\">Institut de\u00a0Psychiatrie et Neurosciences de Paris (IPNP),\u00a0INSERM U894<br \/>H\u00f4pital Sainte-Anne &#8211; Universit\u00e9\u00a0de Paris<br \/>108, rue de la -sant\u00e9<br \/>75014 Paris<br \/>Bureau 204<\/td><\/tr><\/tbody><\/table><div><a href=\"http:\/\/zugarolab.net\/wp-content\/uploads\/2016\/01\/printvrat399.png\"><img fetchpriority=\"high\" decoding=\"async\" class=\"size-large wp-image-672\" src=\"http:\/\/zugarolab.net\/wp-content\/uploads\/2016\/01\/printvrat399-1024x341.png\" alt=\"Sample channels of a 256 channel wide-band recording in the prefrontal cortex (light blue), mediodorsal thalamus (yellow), dorsal hippocampus (red), amygdala (purple), and ventral hippocampus (green) during slow-wave sleep.\" width=\"1024\" height=\"341\" \/><\/a> Sample channels of a 256 channel wide-band recording in the prefrontal cortex (light blue), mediodorsal thalamus (yellow), dorsal hippocampus (red), amygdala (purple), and ventral hippocampus (green) during slow-wave sleep.<\/div><p>&#8216;<\/p>\t\t\t\t\t\t\t\t<\/div>\n\t\t\t\t<\/div>\n\t\t\t\t\t<\/div>\n\t\t<\/div>\n\t\t\t\t\t<\/div>\n\t\t<\/section>\n\t\t\t\t<\/div>\n\t\t","protected":false},"excerpt":{"rendered":"<p>Marco Pompili I\u00a0recently finished my PhD\u00a0with\u00a0Sidney Wiener\u00a0as advisor, within a collaboration with\u00a0Th\u00e9r\u00e8se Jay&#8217;s lab\u00a0at Sainte-Anne hospital. I am currently wrapping up my PhD work before leaving for postdoc research. I am ultimately interested in the dynamics allowing the exchange of information between brain areas, namely how the information encoded in\u00a0one neural\u00a0structure is able to modulate [&hellip;]<\/p>\n","protected":false},"author":3,"featured_media":0,"parent":0,"menu_order":0,"comment_status":"closed","ping_status":"closed","template":"","meta":{"footnotes":""},"class_list":["post-490","page","type-page","status-publish","hentry"],"_links":{"self":[{"href":"http:\/\/zugarolab.net:8080\/index.php?rest_route=\/wp\/v2\/pages\/490","targetHints":{"allow":["GET"]}}],"collection":[{"href":"http:\/\/zugarolab.net:8080\/index.php?rest_route=\/wp\/v2\/pages"}],"about":[{"href":"http:\/\/zugarolab.net:8080\/index.php?rest_route=\/wp\/v2\/types\/page"}],"author":[{"embeddable":true,"href":"http:\/\/zugarolab.net:8080\/index.php?rest_route=\/wp\/v2\/users\/3"}],"replies":[{"embeddable":true,"href":"http:\/\/zugarolab.net:8080\/index.php?rest_route=%2Fwp%2Fv2%2Fcomments&post=490"}],"version-history":[{"count":19,"href":"http:\/\/zugarolab.net:8080\/index.php?rest_route=\/wp\/v2\/pages\/490\/revisions"}],"predecessor-version":[{"id":534,"href":"http:\/\/zugarolab.net:8080\/index.php?rest_route=\/wp\/v2\/pages\/490\/revisions\/534"}],"wp:attachment":[{"href":"http:\/\/zugarolab.net:8080\/index.php?rest_route=%2Fwp%2Fv2%2Fmedia&parent=490"}],"curies":[{"name":"wp","href":"https:\/\/api.w.org\/{rel}","templated":true}]}}